{"id":2,"date":"2025-05-15T12:42:23","date_gmt":"2025-05-15T12:42:23","guid":{"rendered":"https:\/\/shiawase.ch\/?page_id=2"},"modified":"2025-05-19T21:29:14","modified_gmt":"2025-05-19T21:29:14","slug":"sample-page","status":"publish","type":"page","link":"https:\/\/shiawase.ch\/?page_id=2","title":{"rendered":"About us"},"content":{"rendered":"\t\t<div data-elementor-type=\"wp-page\" data-elementor-id=\"2\" class=\"elementor elementor-2\">\n\t\t\t\t<div class=\"elementor-element elementor-element-1ed88b24 e-flex e-con-boxed e-con e-parent\" data-id=\"1ed88b24\" data-element_type=\"container\">\n\t\t\t\t\t<div class=\"e-con-inner\">\n\t\t\t\t<div class=\"elementor-element elementor-element-5ddf5e16 elementor-widget elementor-widget-text-editor\" data-id=\"5ddf5e16\" data-element_type=\"widget\" data-widget_type=\"text-editor.default\">\n\t\t\t\t<div class=\"elementor-widget-container\">\n\t\t\t\t\t\t\t\t\t<p><br \/>Shiawase ist ein japanischer Begriff der ein tiefgreifendes, langanhaltendes Gef\u00fchl des Gl\u00fccks oder Wohlbefindens ausdr\u00fcckt. Im Kern ist es ein Ausdruck f\u00fcr die Zufriedenheit mit dem Leben insgesamt und das allgemeine Lebensgef\u00fchl.\u00a0<\/p>\n<p>Dieses Gl\u00fcck haben wir, da wir unserer Leidenschaft, der Veredelung selbst angebauter Gartenprodukte oder lokal gehaltenen Nutz- und Wildtieren fr\u00f6nen d\u00fcrfen.<\/p>\n<p>Dabei steht immer der Respekt gegen\u00fcber dem Produkt im Mittelpunkt mit dem Ziel einen h\u00f6chstm\u00f6glichen geselligen Genuss zu erreichen.<\/p>\t\t\t\t\t\t\t\t<\/div>\n\t\t\t\t<\/div>\n\t\t\t\t\t<\/div>\n\t\t\t\t<\/div>\n\t\t\t\t<\/div>\n\t\t","protected":false},"excerpt":{"rendered":"<p>Shiawase ist ein japanischer Begriff der ein tiefgreifendes, langanhaltendes Gef\u00fchl des Gl\u00fccks oder Wohlbefindens ausdr\u00fcckt. Im Kern ist es ein Ausdruck f\u00fcr die Zufriedenheit mit dem Leben insgesamt und das allgemeine Lebensgef\u00fchl.\u00a0 Dieses Gl\u00fcck haben wir, da wir unserer Leidenschaft, der Veredelung selbst angebauter Gartenprodukte oder lokal gehaltenen Nutz- und Wildtieren fr\u00f6nen d\u00fcrfen. Dabei steht [&hellip;]<\/p>\n","protected":false},"author":1,"featured_media":0,"parent":0,"menu_order":0,"comment_status":"closed","ping_status":"closed","template":"","meta":{"footnotes":""},"class_list":["post-2","page","type-page","status-publish","hentry"],"jetpack_sharing_enabled":true,"_links":{"self":[{"href":"https:\/\/shiawase.ch\/index.php?rest_route=\/wp\/v2\/pages\/2","targetHints":{"allow":["GET"]}}],"collection":[{"href":"https:\/\/shiawase.ch\/index.php?rest_route=\/wp\/v2\/pages"}],"about":[{"href":"https:\/\/shiawase.ch\/index.php?rest_route=\/wp\/v2\/types\/page"}],"author":[{"embeddable":true,"href":"https:\/\/shiawase.ch\/index.php?rest_route=\/wp\/v2\/users\/1"}],"replies":[{"embeddable":true,"href":"https:\/\/shiawase.ch\/index.php?rest_route=%2Fwp%2Fv2%2Fcomments&post=2"}],"version-history":[{"count":5,"href":"https:\/\/shiawase.ch\/index.php?rest_route=\/wp\/v2\/pages\/2\/revisions"}],"predecessor-version":[{"id":25,"href":"https:\/\/shiawase.ch\/index.php?rest_route=\/wp\/v2\/pages\/2\/revisions\/25"}],"wp:attachment":[{"href":"https:\/\/shiawase.ch\/index.php?rest_route=%2Fwp%2Fv2%2Fmedia&parent=2"}],"curies":[{"name":"wp","href":"https:\/\/api.w.org\/{rel}","templated":true}]}}